{"id":100,"date":"2016-09-14T18:01:00","date_gmt":"2016-09-14T18:01:00","guid":{"rendered":"https:\/\/www.konradi.nu\/?page_id=100"},"modified":"2025-04-02T11:38:02","modified_gmt":"2025-04-02T09:38:02","slug":"kontakt-2","status":"publish","type":"page","link":"https:\/\/www.konradi.nu\/en\/kontakt-2\/","title":{"rendered":"Contact"},"content":{"rendered":"<div id=\"pl-100\"  class=\"panel-layout\" ><div id=\"pg-100-0\"  class=\"panel-grid panel-has-style\" ><div class=\"siteorigin-panels-stretch panel-row-style panel-row-style-for-100-0\" data-stretch-type=\"full-width-stretch\" ><div id=\"pgc-100-0-0\"  class=\"panel-grid-cell\" ><div id=\"panel-100-0-0-0\" class=\"so-panel widget widget_text panel-first-child panel-last-child\" data-index=\"0\" >\t\t\t<div class=\"textwidget\"><div class=\"agm-canvas\" id=\"agm-canvas\" style=\"margin: 0 auto; width:%; height:500px;\"><\/div>\n<\/div>\n\t\t<\/div><\/div><\/div><\/div><div id=\"pg-100-1\"  class=\"panel-grid panel-has-style\" ><div class=\"siteorigin-panels-stretch panel-row-style panel-row-style-for-100-1\" data-stretch-type=\"full\" ><div id=\"pgc-100-1-0\"  class=\"panel-grid-cell\" ><div id=\"panel-100-1-0-0\" class=\"so-panel widget widget_siteorigin-panels-builder panel-first-child panel-last-child\" data-index=\"1\" ><div id=\"pl-w67ed048c39bd7\"  class=\"panel-layout\" ><div id=\"pg-w67ed048c39bd7-0\"  class=\"panel-grid panel-no-style\" ><div id=\"pgc-w67ed048c39bd7-0-0\"  class=\"panel-grid-cell\" ><div id=\"panel-w67ed048c39bd7-0-0-0\" class=\"so-panel widget widget_sow-headline panel-first-child panel-last-child\" data-index=\"0\" ><div\n\t\t\t\n\t\t\tclass=\"so-widget-sow-headline so-widget-sow-headline-default-5d2e570431fa\"\n\t\t\t\n\t\t><div class=\"sow-headline-container\">\n\t\t\t\t\t\t\t<h1 class=\"sow-headline\">\n\t\t\t\t\t\tKONRADI - LIV I OG MELLEM HUSENE\t\t\t\t\t\t<\/h1>\n\t\t\t\t\t\t<\/div>\n<\/div><\/div><\/div><\/div><div id=\"pg-w67ed048c39bd7-1\"  class=\"panel-grid panel-has-style\" ><div class=\"panel-row-style panel-row-style-for-w67ed048c39bd7-1\" ><div id=\"pgc-w67ed048c39bd7-1-0\"  class=\"panel-grid-cell\" ><div id=\"panel-w67ed048c39bd7-1-0-0\" class=\"so-panel widget widget_sow-headline panel-first-child panel-last-child\" data-index=\"1\" ><div\n\t\t\t\n\t\t\tclass=\"so-widget-sow-headline so-widget-sow-headline-default-1c68fc8ef8b2\"\n\t\t\t\n\t\t><div class=\"sow-headline-container\">\n\t\t\t\t\t\t\t<h1 class=\"sow-headline\">\n\t\t\t\t\t\tDu er altid velkommen til at kigge forbi til en kop kaffe og en snak p\u00e5 vores hyggelige kontor p\u00e5 N\u00f8rrebro i K\u00f8benhavn.\t\t\t\t\t\t<\/h1>\n\t\t\t\t\t\t<\/div>\n<\/div><\/div><\/div><\/div><\/div><div id=\"pg-w67ed048c39bd7-2\"  class=\"panel-grid panel-no-style\" ><div id=\"pgc-w67ed048c39bd7-2-0\"  class=\"panel-grid-cell panel-grid-cell-mobile-last\" ><div id=\"panel-w67ed048c39bd7-2-0-0\" class=\"so-panel widget widget_black-studio-tinymce widget_black_studio_tinymce panel-first-child panel-last-child\" data-index=\"2\" ><div class=\"textwidget\"><p style=\"text-align: left;\"><span style=\"font-family: roboto; font-size: 14px; color: #7c9097;\">N\u00f8rrebrogade 10, st. th.<\/span><\/p>\n<p style=\"text-align: left;\"><span style=\"font-family: roboto; font-size: 14px; color: #7c9097;\">2200 K\u00f8benhavn N<\/span><\/p>\n<p style=\"text-align: left;\"><span style=\"font-family: roboto; font-size: 14px; color: #7c9097;\">T: 28 55 24 24<\/span><\/p>\n<p style=\"text-align: left;\"><span style=\"font-family: roboto; font-size: 14px; color: #7c9097;\">stine@konradi.nu<\/span><\/p>\n<\/div><\/div><\/div><div id=\"pgc-w67ed048c39bd7-2-1\"  class=\"panel-grid-cell panel-grid-cell-empty\" ><\/div><\/div><\/div><\/div><\/div><\/div><\/div><\/div>","protected":false},"excerpt":{"rendered":"<p>KONRADI &#8211; LIV I OG MELLEM HUSENE Du er altid velkommen til at kigge forbi til en kop kaffe og en snak p\u00e5 vores hyggelige kontor p\u00e5 N\u00f8rrebro i K\u00f8benhavn. N\u00f8rrebrogade 10, st. th. 2200 K\u00f8benhavn N T: 28 55 24 24 stine@konradi.nu<\/p>","protected":false},"author":1,"featured_media":0,"parent":0,"menu_order":0,"comment_status":"closed","ping_status":"closed","template":"page-fullwidth.php","meta":{"footnotes":""},"class_list":["post-100","page","type-page","status-publish","hentry"],"_links":{"self":[{"href":"https:\/\/www.konradi.nu\/en\/wp-json\/wp\/v2\/pages\/100","targetHints":{"allow":["GET"]}}],"collection":[{"href":"https:\/\/www.konradi.nu\/en\/wp-json\/wp\/v2\/pages"}],"about":[{"href":"https:\/\/www.konradi.nu\/en\/wp-json\/wp\/v2\/types\/page"}],"author":[{"embeddable":true,"href":"https:\/\/www.konradi.nu\/en\/wp-json\/wp\/v2\/users\/1"}],"replies":[{"embeddable":true,"href":"https:\/\/www.konradi.nu\/en\/wp-json\/wp\/v2\/comments?post=100"}],"version-history":[{"count":0,"href":"https:\/\/www.konradi.nu\/en\/wp-json\/wp\/v2\/pages\/100\/revisions"}],"wp:attachment":[{"href":"https:\/\/www.konradi.nu\/en\/wp-json\/wp\/v2\/media?parent=100"}],"curies":[{"name":"wp","href":"https:\/\/api.w.org\/{rel}","templated":true}]}}